{"id":6118,"date":"2024-12-17T17:59:07","date_gmt":"2024-12-17T23:59:07","guid":{"rendered":"https:\/\/vacation.puerto-escondido.mx\/?page_id=6118"},"modified":"2024-12-17T17:59:07","modified_gmt":"2024-12-17T23:59:07","slug":"loschung-personenbezogener-daten","status":"publish","type":"page","link":"https:\/\/vacation.puerto-escondido.mx\/de\/eliminacion-de-datos-personales\/","title":{"rendered":"Beseitigung personenbezogener Daten"},"content":{"rendered":"<p class=\"translation-block\">Si deseas solicitar la elimination de tus datos personales de nuestros registros, puedes ponerte en contacto con nosotros a trav\u00e9s de las siguientes opciones:<\/p>\n<ul>\n<li class=\"translation-block\"><strong>Tel\u00e9fono:<\/strong> +52 19541336245<\/li>\n<li class=\"translation-block\"><strong>Correo electr\u00f3nico:<\/strong> <a rel=\"noopener\">info@puerto-escondido.mx<\/a><\/li>\n<\/ul>\n<p class=\"translation-block\">Unser Team wird Ihre Anfrage in k\u00fcrzester Zeit bearbeiten und garantieren, dass Ihre Daten gem\u00e4\u00df den geltenden Datenschutzgesetzen gel\u00f6scht werden.<\/p>","protected":false},"excerpt":{"rendered":"<p>Si deseas solicitar la eliminaci\u00f3n de tus datos personales de nuestros registros, puedes ponerte en contacto con nosotros a trav\u00e9s de las siguientes opciones: Tel\u00e9fono: +52 19541336245 Correo electr\u00f3nico: info@puerto-escondido.mx Nuestro equipo atender\u00e1 tu solicitud a la brevedad y garantizar\u00e1 que tus datos sean eliminados conforme a las leyes aplicables de protecci\u00f3n de datos.<\/p>","protected":false},"author":36,"featured_media":0,"parent":0,"menu_order":0,"comment_status":"closed","ping_status":"closed","template":"","meta":{"footnotes":""},"class_list":["post-6118","page","type-page","status-publish","hentry"],"_links":{"self":[{"href":"https:\/\/vacation.puerto-escondido.mx\/de\/wp-json\/wp\/v2\/pages\/6118","targetHints":{"allow":["GET"]}}],"collection":[{"href":"https:\/\/vacation.puerto-escondido.mx\/de\/wp-json\/wp\/v2\/pages"}],"about":[{"href":"https:\/\/vacation.puerto-escondido.mx\/de\/wp-json\/wp\/v2\/types\/page"}],"author":[{"embeddable":true,"href":"https:\/\/vacation.puerto-escondido.mx\/de\/wp-json\/wp\/v2\/users\/36"}],"replies":[{"embeddable":true,"href":"https:\/\/vacation.puerto-escondido.mx\/de\/wp-json\/wp\/v2\/comments?post=6118"}],"version-history":[{"count":1,"href":"https:\/\/vacation.puerto-escondido.mx\/de\/wp-json\/wp\/v2\/pages\/6118\/revisions"}],"predecessor-version":[{"id":6119,"href":"https:\/\/vacation.puerto-escondido.mx\/de\/wp-json\/wp\/v2\/pages\/6118\/revisions\/6119"}],"wp:attachment":[{"href":"https:\/\/vacation.puerto-escondido.mx\/de\/wp-json\/wp\/v2\/media?parent=6118"}],"curies":[{"name":"wp","href":"https:\/\/api.w.org\/{rel}","templated":true}]}}