{"id":6125,"date":"2024-12-18T13:29:55","date_gmt":"2024-12-18T19:29:55","guid":{"rendered":"https:\/\/vacation.puerto-escondido.mx\/?page_id=6125"},"modified":"2024-12-18T13:32:09","modified_gmt":"2024-12-18T19:32:09","slug":"dienstvorschriften-und-bedingungen","status":"publish","type":"page","link":"https:\/\/vacation.puerto-escondido.mx\/de\/terms-and-conditions-of-service\/","title":{"rendered":"Bedingungen und Konditionen"},"content":{"rendered":"<p class=\"translation-block\"><strong>Letzte Aktualisierung:<\/strong> 17. Dezember 2024<\/p>\n<p class=\"translation-block\">Willkommen bei <strong>vacation.puerto-escondido.mx<\/strong>. Diese Allgemeinen Gesch\u00e4ftsbedingungen (im Folgenden als \"Bedingungen\" bezeichnet) regeln die Nutzung unserer Website und Dienstleistungen. Indem Sie auf die Website zugreifen oder diese nutzen, erkl\u00e4ren Sie sich mit diesen Bedingungen einverstanden. Wenn Sie mit ihnen nicht einverstanden sind, nutzen Sie bitte unsere Dienstleistungen nicht.<\/p>\n<hr \/>\n<h3><strong>1. Angebotene Dienstleistungen<\/strong><\/h3>\n<p class=\"translation-block\"><strong>vacation.puerto-escondido.mx<\/strong> bietet touristische Informationen, Buchungsdienste und andere Ressourcen im Zusammenhang mit dem Reiseziel Puerto Escondido, Mexiko. Unser Ziel ist es, Sie bei der Planung und Buchung Ihrer Reiseerlebnisse zu unterst\u00fctzen.<\/p>\n<p class=\"translation-block\">Einige spezifische Dienstleistungen (wie Unterkunft, Transport oder Aktivit\u00e4ten) werden jedoch von Drittanbietern verwaltet. Daher sind wir nicht verantwortlich f\u00fcr die Bedingungen oder Richtlinien dieser externen Anbieter.<\/p>\n<hr \/>\n<h3><strong>2. Nutzung der Website<\/strong><\/h3>\n<p class=\"translation-block\">Durch die Nutzung unserer Website erkl\u00e4ren Sie sich mit den folgenden Bestimmungen einverstanden:<\/p>\n<ul>\n<li class=\"translation-block\">Bereitstellung genauer, aktueller und vollst\u00e4ndiger Informationen auf Anfrage.<\/li>\n<li class=\"translation-block\">Nutzen Sie die Website ausschlie\u00dflich f\u00fcr pers\u00f6nliche, nicht kommerzielle Zwecke.<\/li>\n<li class=\"translation-block\">Die Website nicht f\u00fcr illegale, betr\u00fcgerische oder verbotene Zwecke zu nutzen, die gegen diese Bedingungen versto\u00dfen.<\/li>\n<li class=\"translation-block\">nicht zu versuchen, ohne Genehmigung auf die Website, Systeme oder Datenbanken zuzugreifen.<\/li>\n<\/ul>\n<p class=\"translation-block\">Wir behalten uns das Recht vor, den Zugang zur Website einzuschr\u00e4nken oder auszusetzen, wenn wir einen Versto\u00df gegen diese Bedingungen feststellen.<\/p>\n<hr \/>\n<h3><strong>3. Buchungen und Zahlungen<\/strong><\/h3>\n<p class=\"translation-block\">Wenn Sie eine Buchung \u00fcber unsere Website vornehmen, erkl\u00e4ren Sie sich damit einverstanden:<\/p>\n<ul>\n<li class=\"translation-block\">Informieren Sie sich \u00fcber die besonderen Bedingungen des Dienstleisters (Hotels, Touren, Transport usw.).<\/li>\n<li class=\"translation-block\">Preise und Verf\u00fcgbarkeit k\u00f6nnen sich \u00e4ndern, bis Ihre Buchung best\u00e4tigt ist.<\/li>\n<li class=\"translation-block\">Wir k\u00f6nnen zus\u00e4tzliche Servicegeb\u00fchren erheben, die vor der Best\u00e4tigung Ihres Kaufs deutlich angegeben werden.<\/li>\n<li class=\"translation-block\">Die Zahlungen m\u00fcssen gem\u00e4\u00df den bei der Buchung angegebenen Anweisungen erfolgen.<\/li>\n<\/ul>\n<p class=\"translation-block\"><strong>Stornierungsbedingungen:<\/strong><br \/>\nStornierungen und R\u00fcckerstattungen unterliegen den Bestimmungen der jeweiligen Anbieter von Dienstleistungen. Bitte lesen Sie die Bedingungen der einzelnen Anbieter sorgf\u00e4ltig durch, bevor Sie die Buchung abschlie\u00dfen.<\/p>\n<hr \/>\n<h3><strong>4. Geistiges Eigentum<\/strong><\/h3>\n<p class=\"translation-block\">Alle auf <strong>vacation.puerto-escondido.mx<\/strong> verf\u00fcgbaren Inhalte, einschlie\u00dflich Texte, Bilder, Logos, Grafiken, Videos und Website-Design, sind ausschlie\u00dfliches Eigentum von <strong>vacation.puerto-escondido.mx<\/strong> oder seiner Lizenzgeber und sind durch die geltenden Gesetze zum Schutz geistigen Eigentums gesch\u00fctzt.<\/p>\n<p class=\"translation-block\">Es ist verboten, Inhalte ohne unsere vorherige schriftliche Zustimmung zu kopieren, zu vervielf\u00e4ltigen, zu verbreiten, zu ver\u00e4ndern oder zu nutzen.<\/p>\n<hr \/>\n<h3><strong>5. Begrenzung der Haftung<\/strong><\/h3>\n<ul>\n<li class=\"translation-block\"><strong>vacation.puerto-escondido.mx<\/strong> agiert lediglich als Vermittler zwischen Nutzern und Drittanbietern (Hotels, Transportunternehmen, etc.). Wir sind nicht verantwortlich f\u00fcr:\n<ul>\n<li class=\"translation-block\">\u00c4nderungen, Stornierungen oder Ausf\u00e4lle der von Dritten erbrachten Dienstleistungen.<\/li>\n<li class=\"translation-block\">Sch\u00e4den, Verluste oder Kosten, die sich aus der Nutzung unserer Dienstleistungen oder der Dienstleistungen Dritter ergeben.<\/li>\n<\/ul>\n<\/li>\n<li class=\"translation-block\">Wir garantieren nicht, dass die Website ohne Unterbrechungen oder Fehler funktioniert, auch wenn wir uns bem\u00fchen, sie auf dem neuesten Stand und funktionsf\u00e4hig zu halten.<\/li>\n<\/ul>\n<hr \/>\n<h3><strong>6. Links zu Websites von Drittanbietern<\/strong><\/h3>\n<p class=\"translation-block\">Die Website kann Links zu Websites Dritter enthalten. Diese Links werden nur als Referenz zur Verf\u00fcgung gestellt und <strong>vacation.puerto-escondido.mx<\/strong> ist nicht verantwortlich f\u00fcr den Inhalt, die Bedingungen oder den Datenschutz dieser externen Seiten.<\/p>\n<hr \/>\n<h3><strong>7. \u00c4nderungen der Bedingungen<\/strong><\/h3>\n<p class=\"translation-block\">Wir behalten uns das Recht vor, diese Bedingungen jederzeit zu \u00e4ndern. Die aktualisierten Bedingungen werden auf dieser Seite zusammen mit dem Datum der letzten \u00dcberarbeitung ver\u00f6ffentlicht. Es liegt in Ihrer Verantwortung, diese Bedingungen regelm\u00e4\u00dfig zu \u00fcberpr\u00fcfen.<\/p>\n<hr \/>\n<h3><strong>8. Geltendes Recht und Gerichtsstand<\/strong><\/h3>\n<p class=\"translation-block\">Diese Bedingungen unterliegen den Gesetzen Mexikos und werden in \u00dcbereinstimmung mit diesen ausgelegt. Alle Streitigkeiten im Zusammenhang mit diesen Bedingungen unterliegen der ausschlie\u00dflichen Gerichtsbarkeit der zust\u00e4ndigen Gerichte in Oaxaca, Mexiko.<\/p>\n<hr \/>\n<h3><strong>9. Kontakt<\/strong><\/h3>\n<p class=\"translation-block\">Wenn Sie Fragen oder Anmerkungen zu diesen Bedingungen haben, k\u00f6nnen Sie uns unter folgender Adresse kontaktieren:<\/p>\n<ul>\n<li class=\"translation-block\"><strong>Telefon:<\/strong> +52 19541336245<\/li>\n<li class=\"translation-block\"><strong>E-Mail:<\/strong> <a rel=\"noopener\">info@puerto-escondido.mx<\/a><\/li>\n<\/ul>","protected":false},"excerpt":{"rendered":"<p>Last updated: December 17th 2024 Welcome to vacation.puerto-escondido.mx. These Terms and Conditions (hereinafter referred to as the \u201cTerms\u201d) govern the use of our website and services. By accessing or using the site, you agree to comply with these Terms. If you do not agree with them, please do not use our services. 1. Services Offered [&hellip;]<\/p>\n","protected":false},"author":36,"featured_media":0,"parent":0,"menu_order":0,"comment_status":"closed","ping_status":"closed","template":"","meta":{"footnotes":""},"class_list":["post-6125","page","type-page","status-publish","hentry"],"_links":{"self":[{"href":"https:\/\/vacation.puerto-escondido.mx\/de\/wp-json\/wp\/v2\/pages\/6125","targetHints":{"allow":["GET"]}}],"collection":[{"href":"https:\/\/vacation.puerto-escondido.mx\/de\/wp-json\/wp\/v2\/pages"}],"about":[{"href":"https:\/\/vacation.puerto-escondido.mx\/de\/wp-json\/wp\/v2\/types\/page"}],"author":[{"embeddable":true,"href":"https:\/\/vacation.puerto-escondido.mx\/de\/wp-json\/wp\/v2\/users\/36"}],"replies":[{"embeddable":true,"href":"https:\/\/vacation.puerto-escondido.mx\/de\/wp-json\/wp\/v2\/comments?post=6125"}],"version-history":[{"count":2,"href":"https:\/\/vacation.puerto-escondido.mx\/de\/wp-json\/wp\/v2\/pages\/6125\/revisions"}],"predecessor-version":[{"id":6127,"href":"https:\/\/vacation.puerto-escondido.mx\/de\/wp-json\/wp\/v2\/pages\/6125\/revisions\/6127"}],"wp:attachment":[{"href":"https:\/\/vacation.puerto-escondido.mx\/de\/wp-json\/wp\/v2\/media?parent=6125"}],"curies":[{"name":"wp","href":"https:\/\/api.w.org\/{rel}","templated":true}]}}