{"id":6125,"date":"2024-12-18T13:29:55","date_gmt":"2024-12-18T19:29:55","guid":{"rendered":"https:\/\/vacation.puerto-escondido.mx\/?page_id=6125"},"modified":"2024-12-18T13:32:09","modified_gmt":"2024-12-18T19:32:09","slug":"terminos-y-condiciones-del-servicio-2","status":"publish","type":"page","link":"https:\/\/vacation.puerto-escondido.mx\/es\/terms-and-conditions-of-service\/","title":{"rendered":"Condiciones de servicio"},"content":{"rendered":"<p class=\"translation-block\"><strong>\u00daltima actualizaci\u00f3n:<\/strong> 17 de diciembre de 2024<\/p>\n<p class=\"translation-block\">Bienvenido a <strong>vacation.puerto-escondido.mx<\/strong>. Estos T\u00e9rminos y Condiciones (en adelante los \"T\u00e9rminos\") rigen el uso de nuestro sitio web y servicios. Al acceder o utilizar el sitio, usted acepta cumplir con estos T\u00e9rminos. Si no est\u00e1 de acuerdo con ellos, por favor no utilice nuestros servicios.<\/p>\n<hr \/>\n<h3><strong>1. Servicios ofrecidos<\/strong><\/h3>\n<p class=\"translation-block\"><strong>vacation.puerto-escondido.mx<\/strong> proporciona informaci\u00f3n tur\u00edstica, servicios de reserva y otros recursos relacionados con el destino de Puerto Escondido, M\u00e9xico. Nuestro objetivo es ayudarle a planear y reservar sus experiencias de viaje.<\/p>\n<p class=\"translation-block\">Sin embargo, algunos servicios espec\u00edficos (como el alojamiento, el transporte o las actividades) son gestionados por proveedores externos. Por lo tanto, no somos responsables de los t\u00e9rminos, condiciones o pol\u00edticas de estos proveedores externos.<\/p>\n<hr \/>\n<h3><strong>2. Uso del sitio web<\/strong><\/h3>\n<p class=\"translation-block\">Al utilizar nuestro sitio web, usted acepta lo siguiente:<\/p>\n<ul>\n<li class=\"translation-block\">Proporcionar informaci\u00f3n precisa, actualizada y completa cuando se solicite.<\/li>\n<li class=\"translation-block\">Utilizar el sitio web exclusivamente con fines personales y no comerciales.<\/li>\n<li class=\"translation-block\">No utilizar el sitio web con fines ilegales, fraudulentos o prohibidos que infrinjan estas Condiciones.<\/li>\n<li class=\"translation-block\">No intentar acceder al sitio web, los sistemas o las bases de datos sin autorizaci\u00f3n.<\/li>\n<\/ul>\n<p class=\"translation-block\">Nos reservamos el derecho a restringir o suspender el acceso al sitio si detectamos cualquier infracci\u00f3n de estas Condiciones.<\/p>\n<hr \/>\n<h3><strong>3. Reservas y pagos<\/strong><\/h3>\n<p class=\"translation-block\">Al realizar una reserva a trav\u00e9s de nuestro sitio web, usted acepta:<\/p>\n<ul>\n<li class=\"translation-block\">Revise las condiciones espec\u00edficas del proveedor de servicios (hoteles, excursiones, transporte, etc.).<\/li>\n<li class=\"translation-block\">Los precios y la disponibilidad est\u00e1n sujetos a cambios hasta que se confirme la reserva.<\/li>\n<li class=\"translation-block\">Podemos cobrarle gastos de servicio adicionales, que se especificar\u00e1n claramente antes de confirmar su compra.<\/li>\n<li class=\"translation-block\">Los pagos deben efectuarse de acuerdo con las instrucciones facilitadas durante el proceso de reserva.<\/li>\n<\/ul>\n<p class=\"translation-block\"><strong>Pol\u00edtica de cancelaci\u00f3n:<\/strong><br \/>\nLas cancelaciones y reembolsos est\u00e1n sujetos a las pol\u00edticas de los respectivos proveedores de servicios. Por favor, revise los t\u00e9rminos de cada servicio cuidadosamente antes de completar la reserva.<\/p>\n<hr \/>\n<h3><strong>4. 4. Propiedad intelectual<\/strong><\/h3>\n<p class=\"translation-block\">Todo el contenido disponible en <strong>vacation.puerto-escondido.mx<\/strong>, incluyendo texto, im\u00e1genes, logotipos, gr\u00e1ficos, videos y dise\u00f1o del sitio web, es propiedad exclusiva de <strong>vacation.puerto-escondido.mx<\/strong> o de sus licenciantes y est\u00e1 protegido por las leyes de propiedad intelectual aplicables.<\/p>\n<p class=\"translation-block\">Queda prohibido copiar, reproducir, distribuir, modificar o utilizar cualquier contenido sin nuestro consentimiento previo por escrito.<\/p>\n<hr \/>\n<h3><strong>5. 5. Limitaci\u00f3n de responsabilidad<\/strong><\/h3>\n<ul>\n<li class=\"translation-block\"><strong>vacation.puerto-escondido.mx<\/strong> act\u00faa \u00fanicamente como intermediario entre los usuarios y terceros proveedores de servicios (hoteles, transportistas, etc.). No somos responsables de:\n<ul>\n<li class=\"translation-block\">Cambios, cancelaciones o fallos en los servicios prestados por terceros.<\/li> <li>Cambios, cancelaciones o fallos en los servicios prestados por terceros.\n<li class=\"translation-block\">Da\u00f1os, p\u00e9rdidas o gastos derivados del uso de nuestros servicios o los de terceros.<\/li>.\n<\/ul>\n<\/li>\n<li class=\"translation-block\">No garantizamos que el sitio web funcione sin interrupciones ni errores, aunque hacemos todo lo posible por mantenerlo actualizado y operativo.<\/li>\n<\/ul>\n<hr \/>\n<h3><strong>6. Enlaces a sitios de terceros<\/strong><\/h3>\n<p class=\"translation-block\">El sitio puede contener enlaces a sitios web de terceros. Estos enlaces se proporcionan \u00fanicamente como referencia, y <strong>vacation.puerto-escondido.mx<\/strong> no es responsable del contenido, los t\u00e9rminos o las pr\u00e1cticas de privacidad de estos sitios externos.<\/p>\n<hr \/>\n<h3><strong>7. Modificaci\u00f3n de las condiciones<\/strong><\/h3>\n<p class=\"translation-block\">Nos reservamos el derecho a modificar estas Condiciones en cualquier momento. Las Condiciones actualizadas se publicar\u00e1n en esta p\u00e1gina, junto con la fecha de la \u00faltima revisi\u00f3n. Es su responsabilidad revisar estas Condiciones con regularidad.<\/p>\n<hr \/>\n<h3><strong>8. Ley aplicable y jurisdicci\u00f3n<\/strong><\/h3>\n<p class=\"translation-block\">Estos T\u00e9rminos se regir\u00e1n e interpretar\u00e1n de conformidad con las leyes de M\u00e9xico. Cualquier disputa relacionada con estos T\u00e9rminos estar\u00e1 sujeta a la jurisdicci\u00f3n exclusiva de los tribunales competentes en Oaxaca, M\u00e9xico.<\/p>\n<hr \/>\n<h3><strong>9. Contacto<\/strong><\/h3>\n<p class=\"translation-block\">Si tiene alguna pregunta o comentario sobre estas Condiciones, puede ponerse en contacto con nosotros en:<\/p>\n<ul>\n<li class=\"translation-block\"><strong>Tel\u00e9fono:<\/strong> +52 19541336245<\/li>\n<li class=\"translation-block\"><strong>Email:<\/strong> <a rel=\"noopener\">info@puerto-escondido.mx<\/a><\/li>\n<\/ul>","protected":false},"excerpt":{"rendered":"<p>Last updated: December 17th 2024 Welcome to vacation.puerto-escondido.mx. These Terms and Conditions (hereinafter referred to as the \u201cTerms\u201d) govern the use of our website and services. By accessing or using the site, you agree to comply with these Terms. If you do not agree with them, please do not use our services. 1. Services Offered [&hellip;]<\/p>\n","protected":false},"author":36,"featured_media":0,"parent":0,"menu_order":0,"comment_status":"closed","ping_status":"closed","template":"","meta":{"footnotes":""},"class_list":["post-6125","page","type-page","status-publish","hentry"],"_links":{"self":[{"href":"https:\/\/vacation.puerto-escondido.mx\/es\/wp-json\/wp\/v2\/pages\/6125","targetHints":{"allow":["GET"]}}],"collection":[{"href":"https:\/\/vacation.puerto-escondido.mx\/es\/wp-json\/wp\/v2\/pages"}],"about":[{"href":"https:\/\/vacation.puerto-escondido.mx\/es\/wp-json\/wp\/v2\/types\/page"}],"author":[{"embeddable":true,"href":"https:\/\/vacation.puerto-escondido.mx\/es\/wp-json\/wp\/v2\/users\/36"}],"replies":[{"embeddable":true,"href":"https:\/\/vacation.puerto-escondido.mx\/es\/wp-json\/wp\/v2\/comments?post=6125"}],"version-history":[{"count":2,"href":"https:\/\/vacation.puerto-escondido.mx\/es\/wp-json\/wp\/v2\/pages\/6125\/revisions"}],"predecessor-version":[{"id":6127,"href":"https:\/\/vacation.puerto-escondido.mx\/es\/wp-json\/wp\/v2\/pages\/6125\/revisions\/6127"}],"wp:attachment":[{"href":"https:\/\/vacation.puerto-escondido.mx\/es\/wp-json\/wp\/v2\/media?parent=6125"}],"curies":[{"name":"wp","href":"https:\/\/api.w.org\/{rel}","templated":true}]}}