{"id":6120,"date":"2024-12-17T17:59:32","date_gmt":"2024-12-17T23:59:32","guid":{"rendered":"https:\/\/vacation.puerto-escondido.mx\/?page_id=6120"},"modified":"2024-12-17T17:59:32","modified_gmt":"2024-12-17T23:59:32","slug":"suppression-des-donnees-a-caractere-personnel","status":"publish","type":"page","link":"https:\/\/vacation.puerto-escondido.mx\/fr\/deletion-of-personal-data\/","title":{"rendered":"Suppression des donn\u00e9es \u00e0 caract\u00e8re personnel"},"content":{"rendered":"<p class=\"translation-block\">Si vous souhaitez demander la suppression de vos donn\u00e9es personnelles de nos dossiers, vous pouvez nous contacter par les moyens suivants :<\/p>\n<ul>\n<li class=\"translation-block\"><strong>T\u00e9l\u00e9phone:<\/strong> +52 19541336245<\/li>\n<li class=\"translation-block\"><strong>Email:<\/strong> <a rel=\"noopener\">info@puerto-escondido.mx<\/a><\/li>\n<\/ul>\n<p class=\"translation-block\">Notre \u00e9quipe traitera votre demande dans les plus brefs d\u00e9lais et veillera \u00e0 ce que vos donn\u00e9es soient supprim\u00e9es conform\u00e9ment aux lois applicables en mati\u00e8re de protection des donn\u00e9es.<\/p>","protected":false},"excerpt":{"rendered":"<p>If you wish to request the deletion of your personal data from our records, you can contact us through the following options: Phone: +52 19541336245 Email: info@puerto-escondido.mx Our team will address your request as soon as possible and ensure that your data is deleted in accordance with applicable data protection laws.<\/p>","protected":false},"author":36,"featured_media":0,"parent":0,"menu_order":0,"comment_status":"closed","ping_status":"closed","template":"","meta":{"footnotes":""},"class_list":["post-6120","page","type-page","status-publish","hentry"],"_links":{"self":[{"href":"https:\/\/vacation.puerto-escondido.mx\/fr\/wp-json\/wp\/v2\/pages\/6120","targetHints":{"allow":["GET"]}}],"collection":[{"href":"https:\/\/vacation.puerto-escondido.mx\/fr\/wp-json\/wp\/v2\/pages"}],"about":[{"href":"https:\/\/vacation.puerto-escondido.mx\/fr\/wp-json\/wp\/v2\/types\/page"}],"author":[{"embeddable":true,"href":"https:\/\/vacation.puerto-escondido.mx\/fr\/wp-json\/wp\/v2\/users\/36"}],"replies":[{"embeddable":true,"href":"https:\/\/vacation.puerto-escondido.mx\/fr\/wp-json\/wp\/v2\/comments?post=6120"}],"version-history":[{"count":1,"href":"https:\/\/vacation.puerto-escondido.mx\/fr\/wp-json\/wp\/v2\/pages\/6120\/revisions"}],"predecessor-version":[{"id":6121,"href":"https:\/\/vacation.puerto-escondido.mx\/fr\/wp-json\/wp\/v2\/pages\/6120\/revisions\/6121"}],"wp:attachment":[{"href":"https:\/\/vacation.puerto-escondido.mx\/fr\/wp-json\/wp\/v2\/media?parent=6120"}],"curies":[{"name":"wp","href":"https:\/\/api.w.org\/{rel}","templated":true}]}}