{"id":4053,"date":"2020-10-14T21:01:40","date_gmt":"2020-10-14T21:01:40","guid":{"rendered":"https:\/\/demo11.gethomey.io\/?page_id=4053"},"modified":"2025-11-10T16:31:57","modified_gmt":"2025-11-10T22:31:57","slug":"contacto","status":"publish","type":"page","link":"https:\/\/vacation.puerto-escondido.mx\/pt\/contact\/","title":{"rendered":"Contactar-nos"},"content":{"rendered":"<div data-elementor-type=\"wp-page\" data-elementor-id=\"4053\" class=\"elementor elementor-4053\">\n\t\t\t\t\t\t<section class=\"elementor-section elementor-top-section elementor-element elementor-element-e457e92 elementor-section-boxed elementor-section-height-default elementor-section-height-default\" data-id=\"e457e92\" data-element_type=\"section\" data-e-type=\"section\">\n\t\t\t\t\t\t<div class=\"elementor-container elementor-column-gap-default\">\n\t\t\t\t\t<div class=\"elementor-column elementor-col-100 elementor-top-column elementor-element elementor-element-b171ae8\" data-id=\"b171ae8\" data-element_type=\"column\" data-e-type=\"column\">\n\t\t\t<div class=\"elementor-widget-wrap elementor-element-populated\">\n\t\t\t\t\t\t<div class=\"elementor-element elementor-element-1aebba9 elementor-widget elementor-widget-spacer\" data-id=\"1aebba9\" data-element_type=\"widget\" data-e-type=\"widget\" data-widget_type=\"spacer.default\">\n\t\t\t\t<div class=\"elementor-widget-container\">\n\t\t\t\t\t\t\t<div class=\"elementor-spacer\">\n\t\t\t<div class=\"elementor-spacer-inner\"><\/div>\n\t\t<\/div>\n\t\t\t\t\t\t<\/div>\n\t\t\t\t<\/div>\n\t\t\t\t\t<\/div>\n\t\t<\/div>\n\t\t\t\t\t<\/div>\n\t\t<\/section>\n\t\t\t\t<section class=\"elementor-section elementor-top-section elementor-element elementor-element-a8ee29e elementor-section-boxed elementor-section-height-default elementor-section-height-default elementor-invisible\" data-id=\"a8ee29e\" data-element_type=\"section\" data-e-type=\"section\" data-settings=\"{&quot;animation&quot;:&quot;fadeIn&quot;}\">\n\t\t\t\t\t\t<div class=\"elementor-container elementor-column-gap-wider\">\n\t\t\t\t\t<div class=\"elementor-column elementor-col-50 elementor-top-column elementor-element elementor-element-89a52ed\" data-id=\"89a52ed\" data-element_type=\"column\" data-e-type=\"column\">\n\t\t\t<div class=\"elementor-widget-wrap elementor-element-populated\">\n\t\t\t\t\t\t<div class=\"elementor-element elementor-element-8148e20 elementor-widget elementor-widget-homey_elementor_section_title\" data-id=\"8148e20\" data-element_type=\"widget\" data-e-type=\"widget\" data-widget_type=\"homey_elementor_section_title.default\">\n\t\t\t\t<div class=\"elementor-widget-container\">\n\t\t\t\t\t            <div class=\"homey_section_title_wrap_elementor homey-module module-title section-title-module\">\n                                    <h2 class=\"homey_section_title\">Contactar-nos<\/h2>\n                \n                            <\/div>\n            \t\t\t\t<\/div>\n\t\t\t\t<\/div>\n\t\t\t\t<div class=\"elementor-element elementor-element-42f4d72 elementor-widget elementor-widget-text-editor\" data-id=\"42f4d72\" data-element_type=\"widget\" data-e-type=\"widget\" data-widget_type=\"text-editor.default\">\n\t\t\t\t<div class=\"elementor-widget-container\">\n\t\t\t\t\t\t\t\t\t<p class=\"translation-block\">Bem-vindo ao <strong>Vacation Puerto Escondido<\/strong>, sua plataforma confi\u00e1vel para encontrar o aluguel de temporada perfeito na bela Puerto Escondido, Oaxaca. Localizado na deslumbrante costa do Pac\u00edfico do M\u00e9xico, Puerto Escondido \u00e9 famoso por sua cultura vibrante, praias imaculadas e pontos de surf excepcionais. O nosso objetivo \u00e9 tornar a sua estadia inesquec\u00edvel, ligando-o a alojamentos de alta qualidade que se adequam a todas as prefer\u00eancias e or\u00e7amentos.<\/p><p class=\"translation-block\">Na Vacation Puerto Escondido, oferecemos uma vasta gama de propriedades, desde acolhedores bungalows \u00e0 beira-mar e luxuosas villas a encantadores apartamentos no animado centro da cidade. Cada listagem \u00e9 cuidadosamente selecionada para garantir conforto, seguran\u00e7a e estilo, proporcionando-lhe uma experi\u00eancia de casa longe de casa.<\/p><p class=\"translation-block\">O que nos torna \u00fanicos \u00e9 o nosso profundo conhecimento da \u00e1rea local. A nossa equipa de especialistas locais \u00e9 apaixonada por Puerto Escondido e est\u00e1 ansiosa por partilhar dicas sobre os melhores restaurantes, actividades e j\u00f3ias escondidas. Quer pretenda reservar uma aula de surf, desfrutar de um retiro de ioga ou explorar passeios culturais, estamos aqui para o ajudar a adaptar as suas f\u00e9rias aos seus interesses.<\/p><p class=\"translation-block\">Estamos empenhados na sustentabilidade e no apoio \u00e0 comunidade local. Ao promover pr\u00e1ticas ecol\u00f3gicas e ao estabelecer parcerias com empresas locais, esfor\u00e7amo-nos por ter um impacto positivo no ambiente e na economia de Puerto Escondido.<\/p><p class=\"translation-block\">Escolha <strong>Vacation Puerto Escondido<\/strong> para sua pr\u00f3xima escapada e experimente a magia do para\u00edso costeiro de Oaxaca. Deixe-nos ajud\u00e1-lo a criar mem\u00f3rias duradouras - reserve hoje o seu aluguer de f\u00e9rias de sonho!<\/p><p class=\"translation-block\">\u00a0<\/p>\t\t\t\t\t\t\t\t<\/div>\n\t\t\t\t<\/div>\n\t\t\t\t<div class=\"elementor-element elementor-element-3b55cc2 elementor-widget elementor-widget-shortcode\" data-id=\"3b55cc2\" data-element_type=\"widget\" data-e-type=\"widget\" data-widget_type=\"shortcode.default\">\n\t\t\t\t<div class=\"elementor-widget-container\">\n\t\t\t\t\t\t\t<div class=\"elementor-shortcode\">\n\n\n\n\n\n\n<div class=\"wpcf7 no-js\" id=\"wpcf7-f9761-o1\" lang=\"en-US\" dir=\"ltr\" data-wpcf7-id=\"9761\">\n<div class=\"screen-reader-response\"><p role=\"status\" aria-live=\"polite\" aria-atomic=\"true\" class=\"translation-block\"><\/p> <ul><\/ul><\/div>\n<form action=\"\/pt\/wp-json\/wp\/v2\/pages\/4053#wpcf7-f9761-o1\" method=\"post\" class=\"wpcf7-form init\" aria-label=\"Formul\u00e1rio de contacto\" novalidate=\"novalidate\" data-status=\"init\" data-trp-original-action=\"\/pt\/wp-json\/wp\/v2\/pages\/4053#wpcf7-f9761-o1\">\n<fieldset class=\"hidden-fields-container\"><input type=\"hidden\" name=\"_wpcf7\" value=\"9761\" \/><input type=\"hidden\" name=\"_wpcf7_version\" value=\"6.1.5\" \/><input type=\"hidden\" name=\"_wpcf7_locale\" value=\"en_US\" \/><input type=\"hidden\" name=\"_wpcf7_unit_tag\" value=\"wpcf7-f9761-o1\" \/><input type=\"hidden\" name=\"_wpcf7_container_post\" value=\"0\" \/><input type=\"hidden\" name=\"_wpcf7_posted_data_hash\" value=\"\" \/>\n<\/fieldset>\n<div class=\"form-group\">\n\t<p class=\"translation-block\"><label class=\"required\" for=\"yourName\">Seu nome<\/label><br \/>\n<span class=\"wpcf7-form-control-wrap\" data-name=\"your-name\"><input size=\"40\" maxlength=\"400\" class=\"wpcf7-form-control wpcf7-text wpcf7-validates-as-required form-control\" aria-required=\"true\" aria-invalid=\"false\" value=\"\" type=\"text\" name=\"your-name\" \/><\/span>\n\t<\/p>\n<\/div>\n<div class=\"form-group\">\n\t<p class=\"translation-block\"><label class=\"required\" for=\"yourEmail\">Seu e-mail<\/label><br \/>\n<span class=\"wpcf7-form-control-wrap\" data-name=\"your-email\"><input size=\"40\" maxlength=\"400\" class=\"wpcf7-form-control wpcf7-email wpcf7-validates-as-required wpcf7-text wpcf7-validates-as-email form-control\" aria-required=\"true\" aria-invalid=\"false\" value=\"\" type=\"email\" name=\"your-email\" \/><\/span>\n\t<\/p>\n<\/div>\n<div class=\"form-group\">\n\t<p class=\"translation-block\"><label class=\"required\" for=\"yourSubject\">Assunto<\/label><br \/>\n<span class=\"wpcf7-form-control-wrap\" data-name=\"your-subject\"><input size=\"40\" maxlength=\"400\" class=\"wpcf7-form-control wpcf7-text wpcf7-validates-as-required form-control\" aria-required=\"true\" aria-invalid=\"false\" value=\"\" type=\"text\" name=\"your-subject\" \/><\/span>\n\t<\/p>\n<\/div>\n<div class=\"form-group\">\n\t<p class=\"translation-block\"><label class=\"required\" for=\"yourMessage\">Sua mensagem<\/label><br \/>\n<span class=\"wpcf7-form-control-wrap\" data-name=\"your-message\"><textarea cols=\"40\" rows=\"10\" maxlength=\"2000\" class=\"wpcf7-form-control wpcf7-textarea wpcf7-validates-as-required form-control\" aria-required=\"true\" aria-invalid=\"false\" name=\"your-message\"><\/textarea><\/span>\n\t<\/p>\n<\/div>\n<p class=\"translation-block\"><input class=\"wpcf7-form-control wpcf7-submit has-spinner btn btn-primary\" type=\"submit\" value=\"Enviar\" \/>\n<\/p><div class=\"wpcf7-response-output\" aria-hidden=\"true\"><\/div>\n<input type=\"hidden\" name=\"trp-form-language\" value=\"pt\"\/><\/form>\n<\/div>\n<\/div>\n\t\t\t\t\t\t<\/div>\n\t\t\t\t<\/div>\n\t\t\t\t\t<\/div>\n\t\t<\/div>\n\t\t\t\t<div class=\"elementor-column elementor-col-25 elementor-top-column elementor-element elementor-element-96c0f31\" data-id=\"96c0f31\" data-element_type=\"column\" data-e-type=\"column\">\n\t\t\t<div class=\"elementor-widget-wrap\">\n\t\t\t\t\t\t\t<\/div>\n\t\t<\/div>\n\t\t\t\t<div class=\"elementor-column elementor-col-25 elementor-top-column elementor-element elementor-element-06ae03f\" data-id=\"06ae03f\" data-element_type=\"column\" data-e-type=\"column\">\n\t\t\t<div class=\"elementor-widget-wrap elementor-element-populated\">\n\t\t\t\t\t\t<section class=\"elementor-section elementor-inner-section elementor-element elementor-element-1e7e114 elementor-section-boxed elementor-section-height-default elementor-section-height-default\" data-id=\"1e7e114\" data-element_type=\"section\" data-e-type=\"section\" data-settings=\"{&quot;background_background&quot;:&quot;classic&quot;}\">\n\t\t\t\t\t\t<div class=\"elementor-container elementor-column-gap-default\">\n\t\t\t\t\t<div class=\"elementor-column elementor-col-100 elementor-inner-column elementor-element elementor-element-a961c24\" data-id=\"a961c24\" data-element_type=\"column\" data-e-type=\"column\">\n\t\t\t<div class=\"elementor-widget-wrap elementor-element-populated\">\n\t\t\t\t\t\t<div class=\"elementor-element elementor-element-276d477 elementor-widget elementor-widget-heading\" data-id=\"276d477\" data-element_type=\"widget\" data-e-type=\"widget\" data-widget_type=\"heading.default\">\n\t\t\t\t<div class=\"elementor-widget-container\">\n\t\t\t\t\t<h3 class=\"elementor-heading-title elementor-size-default\">Escrit\u00f3rio da empresa\n<\/h3>\t\t\t\t<\/div>\n\t\t\t\t<\/div>\n\t\t\t\t<div class=\"elementor-element elementor-element-2f65d46 elementor-widget elementor-widget-text-editor\" data-id=\"2f65d46\" data-element_type=\"widget\" data-e-type=\"widget\" data-widget_type=\"text-editor.default\">\n\t\t\t\t<div class=\"elementor-widget-container\">\n\t\t\t\t\t\t\t\t\t<p class=\"translation-block\">Esq Emiliano Zapata, Brisas de Zicatela 70934 - Puerto Escondido - Oaxaca<\/p>\t\t\t\t\t\t\t\t<\/div>\n\t\t\t\t<\/div>\n\t\t\t\t\t<\/div>\n\t\t<\/div>\n\t\t\t\t\t<\/div>\n\t\t<\/section>\n\t\t\t\t<section class=\"elementor-section elementor-inner-section elementor-element elementor-element-8993152 elementor-section-boxed elementor-section-height-default elementor-section-height-default\" data-id=\"8993152\" data-element_type=\"section\" data-e-type=\"section\" data-settings=\"{&quot;background_background&quot;:&quot;classic&quot;}\">\n\t\t\t\t\t\t<div class=\"elementor-container elementor-column-gap-default\">\n\t\t\t\t\t<div class=\"elementor-column elementor-col-100 elementor-inner-column elementor-element elementor-element-ab7824b\" data-id=\"ab7824b\" data-element_type=\"column\" data-e-type=\"column\">\n\t\t\t<div class=\"elementor-widget-wrap elementor-element-populated\">\n\t\t\t\t\t\t<div class=\"elementor-element elementor-element-ad2ebf1 elementor-widget elementor-widget-heading\" data-id=\"ad2ebf1\" data-element_type=\"widget\" data-e-type=\"widget\" data-widget_type=\"heading.default\">\n\t\t\t\t<div class=\"elementor-widget-container\">\n\t\t\t\t\t<h3 class=\"elementor-heading-title elementor-size-default\">Contacto direto\n<\/h3>\t\t\t\t<\/div>\n\t\t\t\t<\/div>\n\t\t\t\t<div class=\"elementor-element elementor-element-3050626 elementor-widget elementor-widget-text-editor\" data-id=\"3050626\" data-element_type=\"widget\" data-e-type=\"widget\" data-widget_type=\"text-editor.default\">\n\t\t\t\t<div class=\"elementor-widget-container\">\n\t\t\t\t\t\t\t\t\t<div class=\"wpb_text_column wpb_content_element vc_custom_1540491007246\"><div class=\"wpb_wrapper\"><p class=\"translation-block\"><strong>Telefone<\/strong>: +52 954 133 6245<br \/><strong>Email<\/strong>: info@puerto-escondido.mx<\/p><\/div><\/div>\t\t\t\t\t\t\t\t<\/div>\n\t\t\t\t<\/div>\n\t\t\t\t\t<\/div>\n\t\t<\/div>\n\t\t\t\t\t<\/div>\n\t\t<\/section>\n\t\t\t\t<section class=\"elementor-section elementor-inner-section elementor-element elementor-element-95f720d elementor-section-boxed elementor-section-height-default elementor-section-height-default\" data-id=\"95f720d\" data-element_type=\"section\" data-e-type=\"section\" data-settings=\"{&quot;background_background&quot;:&quot;classic&quot;}\">\n\t\t\t\t\t\t<div class=\"elementor-container elementor-column-gap-default\">\n\t\t\t\t\t<div class=\"elementor-column elementor-col-100 elementor-inner-column elementor-element elementor-element-b4ba1fd\" data-id=\"b4ba1fd\" data-element_type=\"column\" data-e-type=\"column\">\n\t\t\t<div class=\"elementor-widget-wrap elementor-element-populated\">\n\t\t\t\t\t\t<div class=\"elementor-element elementor-element-ec0ee39 elementor-widget elementor-widget-heading\" data-id=\"ec0ee39\" data-element_type=\"widget\" data-e-type=\"widget\" data-widget_type=\"heading.default\">\n\t\t\t\t<div class=\"elementor-widget-container\">\n\t\t\t\t\t<h3 class=\"elementor-heading-title elementor-size-default\">Departamento da empresa\n<\/h3>\t\t\t\t<\/div>\n\t\t\t\t<\/div>\n\t\t\t\t<div class=\"elementor-element elementor-element-e9f9d16 elementor-widget elementor-widget-text-editor\" data-id=\"e9f9d16\" data-element_type=\"widget\" data-e-type=\"widget\" data-widget_type=\"text-editor.default\">\n\t\t\t\t<div class=\"elementor-widget-container\">\n\t\t\t\t\t\t\t\t\t<div class=\"wpb_text_column wpb_content_element vc_custom_1540491007246\"><div class=\"wpb_wrapper\"><p class=\"translation-block\">Para contactar a nossa equipa, selecione uma das seguintes op\u00e7\u00f5es:<\/p><p class=\"translation-block\">Vendas<br \/>Carreiras<br \/>Disputas<br \/>Ajuda<\/p><\/div><\/div>\t\t\t\t\t\t\t\t<\/div>\n\t\t\t\t<\/div>\n\t\t\t\t\t<\/div>\n\t\t<\/div>\n\t\t\t\t\t<\/div>\n\t\t<\/section>\n\t\t\t\t\t<\/div>\n\t\t<\/div>\n\t\t\t\t\t<\/div>\n\t\t<\/section>\n\t\t\t\t<section class=\"elementor-section elementor-top-section elementor-element elementor-element-76cb716 elementor-section-boxed elementor-section-height-default elementor-section-height-default\" data-id=\"76cb716\" data-element_type=\"section\" data-e-type=\"section\">\n\t\t\t\t\t\t<div class=\"elementor-container elementor-column-gap-default\">\n\t\t\t\t\t<div class=\"elementor-column elementor-col-100 elementor-top-column elementor-element elementor-element-fa96f30\" data-id=\"fa96f30\" data-element_type=\"column\" data-e-type=\"column\">\n\t\t\t<div class=\"elementor-widget-wrap elementor-element-populated\">\n\t\t\t\t\t\t<div class=\"elementor-element elementor-element-7d13368 elementor-widget elementor-widget-spacer\" data-id=\"7d13368\" data-element_type=\"widget\" data-e-type=\"widget\" data-widget_type=\"spacer.default\">\n\t\t\t\t<div class=\"elementor-widget-container\">\n\t\t\t\t\t\t\t<div class=\"elementor-spacer\">\n\t\t\t<div class=\"elementor-spacer-inner\"><\/div>\n\t\t<\/div>\n\t\t\t\t\t\t<\/div>\n\t\t\t\t<\/div>\n\t\t\t\t\t<\/div>\n\t\t<\/div>\n\t\t\t\t\t<\/div>\n\t\t<\/section>\n\t\t\t\t<\/div>","protected":false},"excerpt":{"rendered":"<p>Contact us Welcome to Vacation Puerto Escondido, your trusted platform for finding the perfect vacation rental in beautiful Puerto Escondido, Oaxaca. Located on Mexico\u2019s stunning Pacific coast, Puerto Escondido is famous for its vibrant culture, pristine beaches, and exceptional surfing spots. Our goal is to make your stay unforgettable by connecting you with top-quality accommodations [&hellip;]<\/p>\n","protected":false},"author":2,"featured_media":0,"parent":0,"menu_order":0,"comment_status":"closed","ping_status":"closed","template":"elementor_header_footer","meta":{"footnotes":""},"class_list":["post-4053","page","type-page","status-publish","hentry"],"_links":{"self":[{"href":"https:\/\/vacation.puerto-escondido.mx\/pt\/wp-json\/wp\/v2\/pages\/4053","targetHints":{"allow":["GET"]}}],"collection":[{"href":"https:\/\/vacation.puerto-escondido.mx\/pt\/wp-json\/wp\/v2\/pages"}],"about":[{"href":"https:\/\/vacation.puerto-escondido.mx\/pt\/wp-json\/wp\/v2\/types\/page"}],"author":[{"embeddable":true,"href":"https:\/\/vacation.puerto-escondido.mx\/pt\/wp-json\/wp\/v2\/users\/2"}],"replies":[{"embeddable":true,"href":"https:\/\/vacation.puerto-escondido.mx\/pt\/wp-json\/wp\/v2\/comments?post=4053"}],"version-history":[{"count":52,"href":"https:\/\/vacation.puerto-escondido.mx\/pt\/wp-json\/wp\/v2\/pages\/4053\/revisions"}],"predecessor-version":[{"id":9795,"href":"https:\/\/vacation.puerto-escondido.mx\/pt\/wp-json\/wp\/v2\/pages\/4053\/revisions\/9795"}],"wp:attachment":[{"href":"https:\/\/vacation.puerto-escondido.mx\/pt\/wp-json\/wp\/v2\/media?parent=4053"}],"curies":[{"name":"wp","href":"https:\/\/api.w.org\/{rel}","templated":true}]}}