{"id":6115,"date":"2024-12-17T17:56:14","date_gmt":"2024-12-17T23:56:14","guid":{"rendered":"https:\/\/vacation.puerto-escondido.mx\/?page_id=6115"},"modified":"2024-12-18T13:30:56","modified_gmt":"2024-12-18T19:30:56","slug":"politica-de-privacidade","status":"publish","type":"page","link":"https:\/\/vacation.puerto-escondido.mx\/pt\/privacy-policy\/","title":{"rendered":"Pol\u00edtica de privacidade"},"content":{"rendered":"<p class=\"translation-block\"><strong>\u00daltima atualiza\u00e7\u00e3o:<\/strong> 17 de dezembro de 2024<\/p>\n<p class=\"translation-block\">Em <strong>vacation.puerto-escondido.mx<\/strong> (doravante designado por \"Site\"), valorizamos a sua privacidade e estamos empenhados em proteger as informa\u00e7\u00f5es pessoais que partilha connosco. Esta Pol\u00edtica de Privacidade explica como recolhemos, utilizamos e protegemos os seus dados pessoais. Ao utilizar o nosso S\u00edtio, o utilizador concorda com as pr\u00e1ticas descritas nesta pol\u00edtica.<\/p>\n<hr \/>\n<h3><strong>1. Informa\u00e7\u00f5es que recolhemos<\/strong><\/h3>\n<p class=\"translation-block\">Recolhemos informa\u00e7\u00f5es pessoais e n\u00e3o pessoais para lhe proporcionar uma melhor experi\u00eancia e melhorar os nossos servi\u00e7os:<\/p>\n<h4><strong>1.1. Informa\u00e7\u00f5es pessoais<\/strong><\/h4>\n<p class=\"translation-block\">Podemos recolher informa\u00e7\u00f5es que o utilizador fornece diretamente quando utiliza os nossos servi\u00e7os, tais como:<\/p>\n<ul>\n<li class=\"translation-block\">Nome completo<\/li>\n<li class=\"translation-block\">Endere\u00e7o de correio eletr\u00f3nico<\/li>\n<li class=\"translation-block\">N\u00famero de telefone<\/li>\n<li class=\"translation-block\">Informa\u00e7\u00f5es de pagamento (se o utilizador reservar ou adquirir servi\u00e7os atrav\u00e9s do S\u00edtio)<\/li>\n<li class=\"translation-block\">Detalhes dos seus pedidos ou prefer\u00eancias de viagem (por exemplo, datas, destinos, tipo de alojamento).<\/li>\n<\/ul>\n<h4><strong>1.2. Informa\u00e7\u00f5es n\u00e3o pessoais<\/strong><\/h4>\n<p class=\"translation-block\">Tamb\u00e9m recolhemos automaticamente informa\u00e7\u00f5es quando o utilizador visita o S\u00edtio, tais como<\/p>\n<ul>\n<li class=\"translation-block\">Endere\u00e7o IP<\/li>\n<li class=\"translation-block\">Navegador e tipo de dispositivo<\/li>\n<li class=\"translation-block\">P\u00e1ginas visitadas e tempo passado no S\u00edtio<\/li>\n<li class=\"translation-block\">Dados gerais de localiza\u00e7\u00e3o (se o utilizador permitir o acesso a estas informa\u00e7\u00f5es).<\/li>\n<\/ul>\n<hr \/>\n<h3><strong>2. Como utilizamos as suas informa\u00e7\u00f5es<\/strong><\/h3>\n<p class=\"translation-block\">Utilizamos as suas informa\u00e7\u00f5es para:<\/p>\n<ol>\n<li class=\"translation-block\">Processar e gerir os seus pedidos de informa\u00e7\u00e3o ou reservas.<\/li>\n<li class=\"translation-block\">Responder \u00e0s suas perguntas e fornecer apoio personalizado.<\/li>\n<li class=\"translation-block\">Melhorar o Site e otimizar a sua experi\u00eancia de utilizador.<\/li>\n<li class=\"translation-block\">Enviar ao utilizador comunica\u00e7\u00f5es promocionais relacionadas com os nossos servi\u00e7os, se este tiver dado o seu consentimento.<\/li>\n<li class=\"translation-block\">Cumprir as obriga\u00e7\u00f5es legais ou regulamentares.<\/li>\n<\/ol>\n<hr \/>\n<h3><strong>3. Como partilhamos as suas informa\u00e7\u00f5es<\/strong><\/h3>\n<p class=\"translation-block\">N\u00e3o vendemos nem partilhamos as suas informa\u00e7\u00f5es pessoais com terceiros, exceto nos seguintes casos:<\/p>\n<ul>\n<li class=\"translation-block\"><strong>Provedores de servi\u00e7os:<\/strong> Partilhamos informa\u00e7\u00f5es com fornecedores de alojamento, empresas de transporte ou outros servi\u00e7os relacionados com o turismo apenas quando necess\u00e1rio para processar a sua reserva.<\/li>\n<li class=\"translation-block\"><strong>Conformidade legal:<\/strong> Podemos divulgar suas informa\u00e7\u00f5es se exigido por lei ou para proteger nossos direitos legais.<\/li>\n<li class=\"translation-block\"><strong>Parceiros de neg\u00f3cios:<\/strong> Com o seu consentimento, podemos partilhar informa\u00e7\u00f5es com parceiros de neg\u00f3cios para oferecer promo\u00e7\u00f5es ou servi\u00e7os relevantes para os seus interesses.<\/li>\n<\/ul>\n<hr \/>\n<h3><strong>4. Utiliza\u00e7\u00e3o de cookies e tecnologias semelhantes<\/strong><\/h3>\n<p class=\"translation-block\">Utilizamos cookies e ferramentas semelhantes para recolher informa\u00e7\u00f5es sobre a sua intera\u00e7\u00e3o com o S\u00edtio. Os cookies ajudam-nos:<\/p>\n<ul>\n<li class=\"translation-block\">Recordar as suas prefer\u00eancias e defini\u00e7\u00f5es.<\/li>\n<li class=\"translation-block\">Analisar o tr\u00e1fego e o desempenho do S\u00edtio.<\/li>\n<li class=\"translation-block\">Personalizar conte\u00fados e an\u00fancios com base nos interesses do utilizador.<\/li>\n<\/ul>\n<p class=\"translation-block\">O utilizador pode gerir ou desativar os cookies atrav\u00e9s das defini\u00e7\u00f5es do seu browser. No entanto, algumas funcionalidades do S\u00edtio podem n\u00e3o funcionar corretamente sem eles.<\/p>\n<hr \/>\n<h3><strong>5. Prote\u00e7\u00e3o das suas informa\u00e7\u00f5es<\/strong><\/h3>\n<p class=\"translation-block\">Implementamos medidas de seguran\u00e7a t\u00e9cnicas e organizacionais para proteger as informa\u00e7\u00f5es pessoais do utilizador contra acesso n\u00e3o autorizado, perda ou utiliza\u00e7\u00e3o indevida. No entanto, nenhum sistema \u00e9 completamente seguro e n\u00e3o podemos garantir uma prote\u00e7\u00e3o absoluta.<\/p>\n<hr \/>\n<h3><strong>6. Os seus direitos<\/strong><\/h3>\n<p class=\"translation-block\">Ao abrigo da legisla\u00e7\u00e3o aplic\u00e1vel em mat\u00e9ria de prote\u00e7\u00e3o de dados, o utilizador tem os seguintes direitos relativamente \u00e0s suas informa\u00e7\u00f5es pessoais:<\/p>\n<ul>\n<li class=\"translation-block\">Aceder aos seus dados e obter uma c\u00f3pia dos mesmos.<\/li>\n<li class=\"translation-block\">Corrigir dados inexactos ou incompletos.<\/li>\n<li class=\"translation-block\">Solicitar a elimina\u00e7\u00e3o dos seus dados pessoais.<\/li>\n<li class=\"translation-block\">Restringir ou opor-se ao tratamento dos seus dados.<\/li>\n<li class=\"translation-block\">Retirar o seu consentimento para a utiliza\u00e7\u00e3o dos seus dados em qualquer altura.<\/li>\n<\/ul>\n<p class=\"translation-block\">Para exercer estes direitos, pode contactar-nos atrav\u00e9s do endere\u00e7o info@puerto-escondido.mx<\/p>\n<hr \/>\n<h3><strong>7. Liga\u00e7\u00f5es a s\u00edtios de terceiros<\/strong><\/h3>\n<p class=\"translation-block\">O nosso S\u00edtio pode conter liga\u00e7\u00f5es a s\u00edtios Web externos. N\u00e3o somos respons\u00e1veis pelas pr\u00e1ticas de privacidade ou pelo conte\u00fado desses s\u00edtios. Aconselhamos o utilizador a rever as pol\u00edticas de privacidade de qualquer s\u00edtio Web que visite.<\/p>\n<hr \/>\n<h3><strong>8. Privacidade das crian\u00e7as<\/strong><\/h3>\n<p class=\"translation-block\">Os nossos servi\u00e7os n\u00e3o se destinam a indiv\u00edduos com idade inferior a 18 anos e n\u00e3o recolhemos intencionalmente informa\u00e7\u00f5es dos mesmos. Se acredita que um menor nos forneceu dados pessoais, contacte-nos para que possamos elimin\u00e1-los.<\/p>\n<hr \/>\n<h3><strong>9. Altera\u00e7\u00f5es \u00e0 presente pol\u00edtica de privacidade<\/strong><\/h3>\n<p class=\"translation-block\">Podemos atualizar esta Pol\u00edtica de Privacidade periodicamente para refletir altera\u00e7\u00f5es nas nossas pr\u00e1ticas ou por motivos legais. Colocaremos a vers\u00e3o actualizada nesta p\u00e1gina e indicaremos a data da \u00faltima revis\u00e3o.<\/p>\n<hr \/>\n<h3><strong>10. Contactar-nos<\/strong><\/h3>\n<p class=\"translation-block\">Se tiver d\u00favidas ou preocupa\u00e7\u00f5es sobre esta Pol\u00edtica de Privacidade ou sobre o tratamento das suas informa\u00e7\u00f5es pessoais, pode contactar-nos atrav\u00e9s de<\/p>\n<p class=\"translation-block\"><strong>Email:<\/strong> info@puerto-escondido.mx<br \/>\n<strong>Telefone:<\/strong> +52 19541336245<br \/>\n<strong>Endere\u00e7o:<\/strong> Emiliano Zapata, 70934 Puerto Escondido, Oax.<\/p>\n<hr \/>\n<p class=\"translation-block\">Esta Pol\u00edtica de Privacidade foi concebida para proteger os direitos do utilizador e garantir a transpar\u00eancia na utiliza\u00e7\u00e3o das suas informa\u00e7\u00f5es. Recomendamos que a reveja regularmente.<\/p>","protected":false},"excerpt":{"rendered":"<p>Last updated: December 17th 2024 At vacation.puerto-escondido.mx (hereinafter referred to as the &#8220;Site&#8221;), we value your privacy and are committed to protecting the personal information you share with us. This Privacy Policy explains how we collect, use, and safeguard your personal data. By using our Site, you agree to the practices described in this policy. [&hellip;]<\/p>\n","protected":false},"author":36,"featured_media":0,"parent":0,"menu_order":0,"comment_status":"closed","ping_status":"closed","template":"","meta":{"footnotes":""},"class_list":["post-6115","page","type-page","status-publish","hentry"],"_links":{"self":[{"href":"https:\/\/vacation.puerto-escondido.mx\/pt\/wp-json\/wp\/v2\/pages\/6115","targetHints":{"allow":["GET"]}}],"collection":[{"href":"https:\/\/vacation.puerto-escondido.mx\/pt\/wp-json\/wp\/v2\/pages"}],"about":[{"href":"https:\/\/vacation.puerto-escondido.mx\/pt\/wp-json\/wp\/v2\/types\/page"}],"author":[{"embeddable":true,"href":"https:\/\/vacation.puerto-escondido.mx\/pt\/wp-json\/wp\/v2\/users\/36"}],"replies":[{"embeddable":true,"href":"https:\/\/vacation.puerto-escondido.mx\/pt\/wp-json\/wp\/v2\/comments?post=6115"}],"version-history":[{"count":2,"href":"https:\/\/vacation.puerto-escondido.mx\/pt\/wp-json\/wp\/v2\/pages\/6115\/revisions"}],"predecessor-version":[{"id":6128,"href":"https:\/\/vacation.puerto-escondido.mx\/pt\/wp-json\/wp\/v2\/pages\/6115\/revisions\/6128"}],"wp:attachment":[{"href":"https:\/\/vacation.puerto-escondido.mx\/pt\/wp-json\/wp\/v2\/media?parent=6115"}],"curies":[{"name":"wp","href":"https:\/\/api.w.org\/{rel}","templated":true}]}}